{"id":119,"date":"2021-10-26T10:56:23","date_gmt":"2021-10-26T10:56:23","guid":{"rendered":"https:\/\/catedraskeleton.i3a.es\/?page_id=119"},"modified":"2026-04-22T10:16:30","modified_gmt":"2026-04-22T10:16:30","slug":"contacto","status":"publish","type":"page","link":"https:\/\/catedratrox.i3a.es\/en\/contacto\/","title":{"rendered":"Contact"},"content":{"rendered":"<div id=\"pl-gb119-6a01fd6e33d95\"  class=\"panel-layout wp-block-siteorigin-panels-layout-block\" ><div id=\"pg-gb119-6a01fd6e33d95-0\"  class=\"panel-grid panel-no-style\" ><div id=\"pgc-gb119-6a01fd6e33d95-0-0\"  class=\"panel-grid-cell\" ><div id=\"panel-gb119-6a01fd6e33d95-0-0-0\" class=\"so-panel widget widget_sow-features panel-first-child panel-last-child\" data-index=\"0\" ><div\n\t\t\t\n\t\t\tclass=\"so-widget-sow-features so-widget-sow-features-default-b56bfc91c286-119\"\n\t\t\t\n\t\t><ul\n\tclass=\"sow-features-list\tsow-features-responsive\">\n\n\t\t\t<li\n\t\t\tclass=\"sow-features-feature sow-icon-container-position-top\"\n\t\t\tstyle=\"display: flex; flex-direction: column; width: calc(33.333% - 25px);\"\n\t\t>\n\t\t\t\n\t\t\t\t\t\t<div\t\t\t\tclass=\"sow-icon-container sow-container-none\"\n\t\t\t\tstyle=\"color: #404040; \"\n\t\t\t\ttitle=\"Responsable\"\n\t\t\t\t\t\t\t>\n\t\t\t\t<span class=\"sow-icon-ionicons\" data-sow-icon=\"&#xf3a0;\"\n\t\tstyle=\"font-size: 50px; color: #00375f\" \n\t\taria-hidden=\"true\"><\/span>\t\t\t<\/div>\n\n\t\t\t<div class=\"textwidget\">\n\t\t\t\t\n\t\t\t\t\t\t\t\t\t<h5 class=\"sow-features-feature-title\">\n\t\t\t\t\t\tResponsables\t\t\t\t\t<\/h5>\n\t\t\t\t\n\t\t\t\t\t\t\t\t\t<div class=\"sow-features-feature-text\">\n\t\t\t\t\t<p>Bel\u00e9n Zalba y\u00a0Silvia Guill\u00e9n<\/p>\n<p>Grupo de Ingenier\u00eda T\u00e9rmica y Sistemas Energ\u00e9ticos (GITSE)<\/p>\n\t\t\t\t\t<\/div>\n\t\t\t\t\t\t\t\t<\/div>\n\t\t\t\t\t\t\t\t<\/li>\n\n\t\t\t<li\n\t\t\tclass=\"sow-features-feature sow-icon-container-position-top\"\n\t\t\tstyle=\"display: flex; flex-direction: column; width: calc(33.333% - 25px);\"\n\t\t>\n\t\t\t\n\t\t\t\t\t\t<div\t\t\t\tclass=\"sow-icon-container sow-container-none\"\n\t\t\t\tstyle=\"color: #404040; \"\n\t\t\t\ttitle=\"Contact\"\n\t\t\t\t\t\t\t>\n\t\t\t\t<span class=\"sow-icon-ionicons\" data-sow-icon=\"&#xf132;\"\n\t\tstyle=\"font-size: 50px; color: #00375f\" \n\t\taria-hidden=\"true\"><\/span>\t\t\t<\/div>\n\n\t\t\t<div class=\"textwidget\">\n\t\t\t\t\n\t\t\t\t\t\t\t\t\t<h5 class=\"sow-features-feature-title\">\n\t\t\t\t\t\tContact\t\t\t\t\t<\/h5>\n\t\t\t\t\n\t\t\t\t\t\t\t\t\t<div class=\"sow-features-feature-text\">\n\t\t\t\t\t<p>bzalba@unizar.es<\/p>\n<p>sguillen@unizar.es<\/p>\n\t\t\t\t\t<\/div>\n\t\t\t\t\t\t\t\t<\/div>\n\t\t\t\t\t\t\t\t<\/li>\n\n\t\t\t<li\n\t\t\tclass=\"sow-features-feature sow-icon-container-position-top\"\n\t\t\tstyle=\"display: flex; flex-direction: column; width: calc(33.333% - 25px);\"\n\t\t>\n\t\t\t\n\t\t\t\t\t\t<div\t\t\t\tclass=\"sow-icon-container sow-container-none\"\n\t\t\t\tstyle=\"color: #404040; \"\n\t\t\t\ttitle=\"Address\"\n\t\t\t\t\t\t\t>\n\t\t\t\t<span class=\"sow-icon-ionicons\" data-sow-icon=\"&#xf38f;\"\n\t\tstyle=\"font-size: 50px; color: #00375f\" \n\t\taria-hidden=\"true\"><\/span>\t\t\t<\/div>\n\n\t\t\t<div class=\"textwidget\">\n\t\t\t\t\n\t\t\t\t\t\t\t\t\t<h5 class=\"sow-features-feature-title\">\n\t\t\t\t\t\tAddress\t\t\t\t\t<\/h5>\n\t\t\t\t\n\t\t\t\t\t\t\t\t\t<div class=\"sow-features-feature-text\">\n\t\t\t\t\t<p>Campus R\u00edo Ebro. Edificio I+D+i<\/p>\n<p>C\/Mariano Esquillor s\/n<\/p>\n<p>50018, Zaragoza<\/p>\n\t\t\t\t\t<\/div>\n\t\t\t\t\t\t\t\t<\/div>\n\t\t\t\t\t\t\t\t<\/li>\n\n\t<\/ul>\n<\/div><\/div><\/div><\/div><div id=\"pg-gb119-6a01fd6e33d95-1\"  class=\"panel-grid panel-no-style\" ><div id=\"pgc-gb119-6a01fd6e33d95-1-0\"  class=\"panel-grid-cell\" ><div id=\"panel-gb119-6a01fd6e33d95-1-0-0\" class=\"widget_text so-panel widget widget_custom_html panel-first-child panel-last-child\" data-index=\"1\" ><div class=\"textwidget custom-html-widget\"><iframe src=\"https:\/\/www.google.com\/maps\/embed?pb=!1m14!1m8!1m3!1d2979.6785311772005!2d-0.8892614228533677!3d41.68428566711112!3m2!1i1024!2i768!4f13.1!3m3!1m2!1s0x0%3A0xa2fd5e66dd0a6120!2sUNIVERSIDAD%20DE%20ZARAGOZA.%20Instituto%20de%20Investigaci%C3%B3n%20en%20Ingenier%C3%ADa%20de%20Arag%C3%B3n%20(I3A)!5e0!3m2!1ses!2ses!4v1635251794331!5m2!1ses!2ses\" width=\"100%\" height=\"450\" style=\"border:0;\" allowfullscreen=\"\" loading=\"lazy\"><\/iframe><\/div><\/div><\/div><\/div><\/div>\n\n\n<p><\/p>","protected":false},"excerpt":{"rendered":"","protected":false},"author":1,"featured_media":0,"parent":0,"menu_order":0,"comment_status":"closed","ping_status":"closed","template":"","meta":{"footnotes":""},"class_list":["post-119","page","type-page","status-publish","hentry","post"],"_links":{"self":[{"href":"https:\/\/catedratrox.i3a.es\/en\/wp-json\/wp\/v2\/pages\/119","targetHints":{"allow":["GET"]}}],"collection":[{"href":"https:\/\/catedratrox.i3a.es\/en\/wp-json\/wp\/v2\/pages"}],"about":[{"href":"https:\/\/catedratrox.i3a.es\/en\/wp-json\/wp\/v2\/types\/page"}],"author":[{"embeddable":true,"href":"https:\/\/catedratrox.i3a.es\/en\/wp-json\/wp\/v2\/users\/1"}],"replies":[{"embeddable":true,"href":"https:\/\/catedratrox.i3a.es\/en\/wp-json\/wp\/v2\/comments?post=119"}],"version-history":[{"count":32,"href":"https:\/\/catedratrox.i3a.es\/en\/wp-json\/wp\/v2\/pages\/119\/revisions"}],"predecessor-version":[{"id":529,"href":"https:\/\/catedratrox.i3a.es\/en\/wp-json\/wp\/v2\/pages\/119\/revisions\/529"}],"wp:attachment":[{"href":"https:\/\/catedratrox.i3a.es\/en\/wp-json\/wp\/v2\/media?parent=119"}],"curies":[{"name":"wp","href":"https:\/\/api.w.org\/{rel}","templated":true}]}}