{"id":318,"date":"2026-04-13T09:05:07","date_gmt":"2026-04-13T09:05:07","guid":{"rendered":"https:\/\/catedratrox.i3a.es\/?page_id=318"},"modified":"2026-04-13T09:18:57","modified_gmt":"2026-04-13T09:18:57","slug":"trabajos-fin-de-master","status":"publish","type":"page","link":"https:\/\/catedratrox.i3a.es\/en\/trabajos-fin-de-master\/","title":{"rendered":"Trabajos fin de m\u00e1ster"},"content":{"rendered":"<div id=\"pl-gb318-6a01fd3ecdf2c\"  class=\"panel-layout\" ><div id=\"pg-gb318-6a01fd3ecdf2c-0\"  class=\"panel-grid panel-no-style\" ><div id=\"pgc-gb318-6a01fd3ecdf2c-0-0\"  class=\"panel-grid-cell\" ><div id=\"panel-gb318-6a01fd3ecdf2c-0-0-0\" class=\"so-panel widget widget_sow-editor panel-first-child panel-last-child\" data-index=\"0\" ><div\n\t\t\t\n\t\t\tclass=\"so-widget-sow-editor so-widget-sow-editor-base\"\n\t\t\t\n\t\t>\n<div class=\"siteorigin-widget-tinymce textwidget\">\n\t<h2>2024<\/h2>\n<\/div>\n<\/div><\/div><\/div><\/div><div id=\"pg-gb318-6a01fd3ecdf2c-1\"  class=\"panel-grid panel-no-style\" ><div id=\"pgc-gb318-6a01fd3ecdf2c-1-0\"  class=\"panel-grid-cell panel-grid-cell-mobile-last\" ><div id=\"panel-gb318-6a01fd3ecdf2c-1-0-0\" class=\"so-panel widget widget_sow-editor panel-first-child\" data-index=\"1\" ><div\n\t\t\t\n\t\t\tclass=\"so-widget-sow-editor so-widget-sow-editor-base\"\n\t\t\t\n\t\t>\n<div class=\"siteorigin-widget-tinymce textwidget\">\n\t<hr \/>\n<h3><strong>Garc\u00eda-Monge R\u00e1banos, Miguel<\/strong><\/h3>\n<h4>\u201c<strong>Caracterizaci\u00f3n de la inercia t\u00e9rmica y an\u00e1lisis de datos de calidad de aire interior en edificios del sector terciario<\/strong>\u201d<\/h4>\n<p>Directora: Bel\u00e9n Zalba (Departamento de Ingenier\u00eda Mec\u00e1nica, \u00c1rea de M\u00e1quinas y Motores T\u00e9rmicos).<\/p>\n<p>M\u00e1ster Universitario en Ingenier\u00eda Industrial<\/p>\n<\/div>\n<\/div><\/div><div id=\"panel-gb318-6a01fd3ecdf2c-1-0-1\" class=\"so-panel widget widget_sow-button panel-last-child\" data-index=\"2\" ><div\n\t\t\t\n\t\t\tclass=\"so-widget-sow-button so-widget-sow-button-flat-5e4e7b566b0a-318\"\n\t\t\t\n\t\t><div class=\"ow-button-base ow-button-align-left\"\n>\n\t\t\t<a\n\t\t\t\t\thref=\"https:\/\/zaguan.unizar.es\/record\/152418\"\n\t\t\t\t\tclass=\"sowb-button ow-icon-placement-left ow-button-hover\" target=\"_blank\" rel=\"noopener noreferrer\" \t>\n\t\t<span>\n\t\t\t\n\t\t\tVer en repositorio\t\t<\/span>\n\t\t\t<\/a>\n\t<\/div>\n<\/div><\/div><\/div><div id=\"pgc-gb318-6a01fd3ecdf2c-1-1\"  class=\"panel-grid-cell panel-grid-cell-empty\" ><\/div><\/div><\/div>","protected":false},"excerpt":{"rendered":"<p>2024 Garc\u00eda-Monge R\u00e1banos, Miguel \u201cCaracterizaci\u00f3n de la inercia t\u00e9rmica y an\u00e1lisis de datos de calidad de aire interior en edificios del sector terciario\u201d Directora: Bel\u00e9n Zalba (Departamento de Ingenier\u00eda Mec\u00e1nica, \u00c1rea de M\u00e1quinas y Motores T\u00e9rmicos). M\u00e1ster Universitario en Ingenier\u00eda Industrial<\/p>","protected":false},"author":1,"featured_media":0,"parent":0,"menu_order":0,"comment_status":"closed","ping_status":"closed","template":"","meta":{"footnotes":""},"class_list":["post-318","page","type-page","status-publish","hentry","post"],"_links":{"self":[{"href":"https:\/\/catedratrox.i3a.es\/en\/wp-json\/wp\/v2\/pages\/318","targetHints":{"allow":["GET"]}}],"collection":[{"href":"https:\/\/catedratrox.i3a.es\/en\/wp-json\/wp\/v2\/pages"}],"about":[{"href":"https:\/\/catedratrox.i3a.es\/en\/wp-json\/wp\/v2\/types\/page"}],"author":[{"embeddable":true,"href":"https:\/\/catedratrox.i3a.es\/en\/wp-json\/wp\/v2\/users\/1"}],"replies":[{"embeddable":true,"href":"https:\/\/catedratrox.i3a.es\/en\/wp-json\/wp\/v2\/comments?post=318"}],"version-history":[{"count":8,"href":"https:\/\/catedratrox.i3a.es\/en\/wp-json\/wp\/v2\/pages\/318\/revisions"}],"predecessor-version":[{"id":333,"href":"https:\/\/catedratrox.i3a.es\/en\/wp-json\/wp\/v2\/pages\/318\/revisions\/333"}],"wp:attachment":[{"href":"https:\/\/catedratrox.i3a.es\/en\/wp-json\/wp\/v2\/media?parent=318"}],"curies":[{"name":"wp","href":"https:\/\/api.w.org\/{rel}","templated":true}]}}