{"id":323,"date":"2026-04-13T09:10:21","date_gmt":"2026-04-13T09:10:21","guid":{"rendered":"https:\/\/catedratrox.i3a.es\/?page_id=323"},"modified":"2026-04-13T09:28:13","modified_gmt":"2026-04-13T09:28:13","slug":"trabajos-fin-de-grado","status":"publish","type":"page","link":"https:\/\/catedratrox.i3a.es\/en\/trabajos-fin-de-grado\/","title":{"rendered":"Trabajos fin de grado"},"content":{"rendered":"<div id=\"pl-gb323-6a01fd6e0a380\"  class=\"panel-layout\" ><div id=\"pg-gb323-6a01fd6e0a380-0\"  class=\"panel-grid panel-no-style\" ><div id=\"pgc-gb323-6a01fd6e0a380-0-0\"  class=\"panel-grid-cell\" ><div id=\"panel-gb323-6a01fd6e0a380-0-0-0\" class=\"so-panel widget widget_sow-editor panel-first-child panel-last-child\" data-index=\"0\" ><div\n\t\t\t\n\t\t\tclass=\"so-widget-sow-editor so-widget-sow-editor-base\"\n\t\t\t\n\t\t>\n<div class=\"siteorigin-widget-tinymce textwidget\">\n\t<h2>2026<\/h2>\n<\/div>\n<\/div><\/div><\/div><\/div><div id=\"pg-gb323-6a01fd6e0a380-1\"  class=\"panel-grid panel-no-style\" ><div id=\"pgc-gb323-6a01fd6e0a380-1-0\"  class=\"panel-grid-cell panel-grid-cell-mobile-last\" ><div id=\"panel-gb323-6a01fd6e0a380-1-0-0\" class=\"so-panel widget widget_sow-editor panel-first-child\" data-index=\"1\" ><div\n\t\t\t\n\t\t\tclass=\"so-widget-sow-editor so-widget-sow-editor-base\"\n\t\t\t\n\t\t>\n<div class=\"siteorigin-widget-tinymce textwidget\">\n\t<hr \/>\n<h3><strong>Lou Puyo, Alicia<\/strong><\/h3>\n<h4>\u201c<strong>Estudio de calidad de aire interior en el edifico nuevo de Filosof\u00eda y Letras: an\u00e1lisis de contaminantes y efectividad del sistema de ventilaci\u00f3n mec\u00e1nica.<\/strong>\u201d<\/h4>\n<p>Directora: Bel\u00e9n Zalba (Departamento de Ingenier\u00eda Mec\u00e1nica, \u00c1rea de M\u00e1quinas y Motores T\u00e9rmicos).<\/p>\n<p>Graduado en Ingenier\u00eda de Tecnolog\u00edas Industriales<\/p>\n<\/div>\n<\/div><\/div><div id=\"panel-gb323-6a01fd6e0a380-1-0-1\" class=\"so-panel widget widget_sow-button panel-last-child\" data-index=\"2\" ><div\n\t\t\t\n\t\t\tclass=\"so-widget-sow-button so-widget-sow-button-flat-5e4e7b566b0a-323\"\n\t\t\t\n\t\t><div class=\"ow-button-base ow-button-align-left\"\n>\n\t\t\t<a\n\t\t\t\t\thref=\"https:\/\/zaguan.unizar.es\/record\/169730\"\n\t\t\t\t\tclass=\"sowb-button ow-icon-placement-left ow-button-hover\" target=\"_blank\" rel=\"noopener noreferrer\" \t>\n\t\t<span>\n\t\t\t\n\t\t\tVer en repositorio\t\t<\/span>\n\t\t\t<\/a>\n\t<\/div>\n<\/div><\/div><\/div><div id=\"pgc-gb323-6a01fd6e0a380-1-1\"  class=\"panel-grid-cell panel-grid-cell-empty\" ><\/div><\/div><div id=\"pg-gb323-6a01fd6e0a380-2\"  class=\"panel-grid panel-no-style\" ><div id=\"pgc-gb323-6a01fd6e0a380-2-0\"  class=\"panel-grid-cell\" ><div id=\"panel-gb323-6a01fd6e0a380-2-0-0\" class=\"so-panel widget widget_sow-editor panel-first-child panel-last-child\" data-index=\"3\" ><div\n\t\t\t\n\t\t\tclass=\"so-widget-sow-editor so-widget-sow-editor-base\"\n\t\t\t\n\t\t>\n<div class=\"siteorigin-widget-tinymce textwidget\">\n\t<h2>2025<\/h2>\n<\/div>\n<\/div><\/div><\/div><\/div><div id=\"pg-gb323-6a01fd6e0a380-3\"  class=\"panel-grid panel-no-style\" ><div id=\"pgc-gb323-6a01fd6e0a380-3-0\"  class=\"panel-grid-cell panel-grid-cell-mobile-last\" ><div id=\"panel-gb323-6a01fd6e0a380-3-0-0\" class=\"so-panel widget widget_sow-editor panel-first-child\" data-index=\"4\" ><div\n\t\t\t\n\t\t\tclass=\"so-widget-sow-editor so-widget-sow-editor-base\"\n\t\t\t\n\t\t>\n<div class=\"siteorigin-widget-tinymce textwidget\">\n\t<hr \/>\n<h3><strong>Aguir\u00e1n Blasco, Sabina Mar\u00eda<\/strong><\/h3>\n<h4>\u201c<strong>An\u00e1lisis de la calidad de aire en interiores: algunos casos de estudio en sector residencial.<\/strong>\u201d<\/h4>\n<p>Directora: Bel\u00e9n Zalba (Departamento de Ingenier\u00eda Mec\u00e1nica, \u00c1rea de M\u00e1quinas y Motores T\u00e9rmicos).<\/p>\n<p>Graduado en Ingenier\u00eda Qu\u00edmica<\/p>\n<\/div>\n<\/div><\/div><div id=\"panel-gb323-6a01fd6e0a380-3-0-1\" class=\"so-panel widget widget_sow-button panel-last-child\" data-index=\"5\" ><div\n\t\t\t\n\t\t\tclass=\"so-widget-sow-button so-widget-sow-button-flat-5e4e7b566b0a-323\"\n\t\t\t\n\t\t><div class=\"ow-button-base ow-button-align-left\"\n>\n\t\t\t<a\n\t\t\t\t\thref=\"https:\/\/zaguan.unizar.es\/record\/164509\"\n\t\t\t\t\tclass=\"sowb-button ow-icon-placement-left ow-button-hover\" target=\"_blank\" rel=\"noopener noreferrer\" \t>\n\t\t<span>\n\t\t\t\n\t\t\tVer en repositorio\t\t<\/span>\n\t\t\t<\/a>\n\t<\/div>\n<\/div><\/div><\/div><div id=\"pgc-gb323-6a01fd6e0a380-3-1\"  class=\"panel-grid-cell panel-grid-cell-empty\" ><\/div><\/div><div id=\"pg-gb323-6a01fd6e0a380-4\"  class=\"panel-grid panel-no-style\" ><div id=\"pgc-gb323-6a01fd6e0a380-4-0\"  class=\"panel-grid-cell\" ><div id=\"panel-gb323-6a01fd6e0a380-4-0-0\" class=\"so-panel widget widget_sow-editor panel-first-child panel-last-child\" data-index=\"6\" ><div\n\t\t\t\n\t\t\tclass=\"so-widget-sow-editor so-widget-sow-editor-base\"\n\t\t\t\n\t\t>\n<div class=\"siteorigin-widget-tinymce textwidget\">\n\t<h2>2024<\/h2>\n<\/div>\n<\/div><\/div><\/div><\/div><div id=\"pg-gb323-6a01fd6e0a380-5\"  class=\"panel-grid panel-no-style\" ><div id=\"pgc-gb323-6a01fd6e0a380-5-0\"  class=\"panel-grid-cell panel-grid-cell-mobile-last\" ><div id=\"panel-gb323-6a01fd6e0a380-5-0-0\" class=\"so-panel widget widget_sow-editor panel-first-child\" data-index=\"7\" ><div\n\t\t\t\n\t\t\tclass=\"so-widget-sow-editor so-widget-sow-editor-base\"\n\t\t\t\n\t\t>\n<div class=\"siteorigin-widget-tinymce textwidget\">\n\t<hr \/>\n<h3><strong>Gimeno Sobreviela, Ana Pilar<\/strong><\/h3>\n<h4>\u201c<strong>An\u00e1lisis sobre calidad de aire interior y ventilaci\u00f3n en industria: caso de estudio sector textil<\/strong>\u201d<\/h4>\n<p>Directora: Bel\u00e9n Zalba (Departamento de Ingenier\u00eda Mec\u00e1nica, \u00c1rea de M\u00e1quinas y Motores T\u00e9rmicos).<\/p>\n<p>Graduado en Ingenier\u00eda de Tecnolog\u00edas Industriales<\/p>\n<\/div>\n<\/div><\/div><div id=\"panel-gb323-6a01fd6e0a380-5-0-1\" class=\"so-panel widget widget_sow-button panel-last-child\" data-index=\"8\" ><div\n\t\t\t\n\t\t\tclass=\"so-widget-sow-button so-widget-sow-button-flat-5e4e7b566b0a-323\"\n\t\t\t\n\t\t><div class=\"ow-button-base ow-button-align-left\"\n>\n\t\t\t<a\n\t\t\t\t\thref=\"https:\/\/zaguan.unizar.es\/record\/149713\"\n\t\t\t\t\tclass=\"sowb-button ow-icon-placement-left ow-button-hover\" target=\"_blank\" rel=\"noopener noreferrer\" \t>\n\t\t<span>\n\t\t\t\n\t\t\tVer en repositorio\t\t<\/span>\n\t\t\t<\/a>\n\t<\/div>\n<\/div><\/div><\/div><div id=\"pgc-gb323-6a01fd6e0a380-5-1\"  class=\"panel-grid-cell panel-grid-cell-empty\" ><\/div><\/div><div id=\"pg-gb323-6a01fd6e0a380-6\"  class=\"panel-grid panel-no-style\" ><div id=\"pgc-gb323-6a01fd6e0a380-6-0\"  class=\"panel-grid-cell\" ><div id=\"panel-gb323-6a01fd6e0a380-6-0-0\" class=\"so-panel widget widget_sow-editor panel-first-child panel-last-child\" data-index=\"9\" ><div\n\t\t\t\n\t\t\tclass=\"so-widget-sow-editor so-widget-sow-editor-base\"\n\t\t\t\n\t\t>\n<div class=\"siteorigin-widget-tinymce textwidget\">\n\t<h2>2022<\/h2>\n<\/div>\n<\/div><\/div><\/div><\/div><div id=\"pg-gb323-6a01fd6e0a380-7\"  class=\"panel-grid panel-no-style\" ><div id=\"pgc-gb323-6a01fd6e0a380-7-0\"  class=\"panel-grid-cell panel-grid-cell-mobile-last\" ><div id=\"panel-gb323-6a01fd6e0a380-7-0-0\" class=\"so-panel widget widget_sow-editor panel-first-child\" data-index=\"10\" ><div\n\t\t\t\n\t\t\tclass=\"so-widget-sow-editor so-widget-sow-editor-base\"\n\t\t\t\n\t\t>\n<div class=\"siteorigin-widget-tinymce textwidget\">\n\t<hr \/>\n<h3><strong>Garc\u00eda-Monge R\u00e1banos, Miguel<\/strong><\/h3>\n<h4>\u201c<strong>Ventilaci\u00f3n y eficiencia energ\u00e9tica en edificios EINA-UNIZAR. An\u00e1lisis de datos de la aplicaci\u00f3n Sensorizar y de consumos el\u00e9ctricos de 2020 a 2022.<\/strong>\u201d<\/h4>\n<p>Directora: Bel\u00e9n Zalba (Departamento de Ingenier\u00eda Mec\u00e1nica, \u00c1rea de M\u00e1quinas y Motores T\u00e9rmicos).<\/p>\n<p>Graduado en Ingenier\u00eda El\u00e9ctrica<\/p>\n<\/div>\n<\/div><\/div><div id=\"panel-gb323-6a01fd6e0a380-7-0-1\" class=\"so-panel widget widget_sow-button panel-last-child\" data-index=\"11\" ><div\n\t\t\t\n\t\t\tclass=\"so-widget-sow-button so-widget-sow-button-flat-5e4e7b566b0a-323\"\n\t\t\t\n\t\t><div class=\"ow-button-base ow-button-align-left\"\n>\n\t\t\t<a\n\t\t\t\t\thref=\"https:\/\/zaguan.unizar.es\/record\/125588\"\n\t\t\t\t\tclass=\"sowb-button ow-icon-placement-left ow-button-hover\" target=\"_blank\" rel=\"noopener noreferrer\" \t>\n\t\t<span>\n\t\t\t\n\t\t\tVer en repositorio\t\t<\/span>\n\t\t\t<\/a>\n\t<\/div>\n<\/div><\/div><\/div><div id=\"pgc-gb323-6a01fd6e0a380-7-1\"  class=\"panel-grid-cell panel-grid-cell-empty\" ><\/div><\/div><div id=\"pg-gb323-6a01fd6e0a380-8\"  class=\"panel-grid panel-no-style\" ><div id=\"pgc-gb323-6a01fd6e0a380-8-0\"  class=\"panel-grid-cell\" ><div id=\"panel-gb323-6a01fd6e0a380-8-0-0\" class=\"so-panel widget widget_sow-editor panel-first-child panel-last-child\" data-index=\"12\" ><div\n\t\t\t\n\t\t\tclass=\"so-widget-sow-editor so-widget-sow-editor-base\"\n\t\t\t\n\t\t>\n<div class=\"siteorigin-widget-tinymce textwidget\">\n\t<h2>2021<\/h2>\n<\/div>\n<\/div><\/div><\/div><\/div><div id=\"pg-gb323-6a01fd6e0a380-9\"  class=\"panel-grid panel-no-style\" ><div id=\"pgc-gb323-6a01fd6e0a380-9-0\"  class=\"panel-grid-cell\" ><div id=\"panel-gb323-6a01fd6e0a380-9-0-0\" class=\"so-panel widget widget_sow-editor panel-first-child\" data-index=\"13\" ><div\n\t\t\t\n\t\t\tclass=\"so-widget-sow-editor so-widget-sow-editor-base\"\n\t\t\t\n\t\t>\n<div class=\"siteorigin-widget-tinymce textwidget\">\n\t<hr \/>\n<h3><strong>Rodr\u00edguez Suescun, Jorge<\/strong><\/h3>\n<h4>\u201c<strong>Ventilaci\u00f3n en centros universitarios. Estudio de la monitorizaci\u00f3n en los edificios de la EINA. Eficiencia y consumo de energ\u00eda.<\/strong>\u201d<\/h4>\n<p>Directora: Bel\u00e9n Zalba y Enrique Cano (Departamento de Ingenier\u00eda Mec\u00e1nica, \u00c1rea de M\u00e1quinas y Motores T\u00e9rmicos).<\/p>\n<p>Graduado en Ingenier\u00eda de Tecnolog\u00edas Industriales<\/p>\n<\/div>\n<\/div><\/div><div id=\"panel-gb323-6a01fd6e0a380-9-0-1\" class=\"so-panel widget widget_sow-button panel-last-child\" data-index=\"14\" ><div\n\t\t\t\n\t\t\tclass=\"so-widget-sow-button so-widget-sow-button-flat-5e4e7b566b0a-323\"\n\t\t\t\n\t\t><div class=\"ow-button-base ow-button-align-left\"\n>\n\t\t\t<a\n\t\t\t\t\thref=\"https:\/\/zaguan.unizar.es\/record\/112343\"\n\t\t\t\t\tclass=\"sowb-button ow-icon-placement-left ow-button-hover\" target=\"_blank\" rel=\"noopener noreferrer\" \t>\n\t\t<span>\n\t\t\t\n\t\t\tVer en repositorio\t\t<\/span>\n\t\t\t<\/a>\n\t<\/div>\n<\/div><\/div><\/div><div id=\"pgc-gb323-6a01fd6e0a380-9-1\"  class=\"panel-grid-cell\" ><div id=\"panel-gb323-6a01fd6e0a380-9-1-0\" class=\"so-panel widget widget_sow-editor panel-first-child\" data-index=\"15\" ><div\n\t\t\t\n\t\t\tclass=\"so-widget-sow-editor so-widget-sow-editor-base\"\n\t\t\t\n\t\t>\n<div class=\"siteorigin-widget-tinymce textwidget\">\n\t<hr \/>\n<h3><strong>Azcona Sang\u00fcesa Sandra<\/strong><\/h3>\n<h4>\u201c<strong>Sistemas de ventilaci\u00f3n y estudio de la monitorizaci\u00f3n por sensores de CO<sub>2<\/sub> en edificio CIHEAM<\/strong>\u201d<\/h4>\n<p>Directora: Bel\u00e9n Zalba (Departamento de Ingenier\u00eda Mec\u00e1nica, \u00c1rea de M\u00e1quinas y Motores T\u00e9rmicos).<\/p>\n<p>Graduado en Ingenier\u00eda Qu\u00edmica<\/p>\n<\/div>\n<\/div><\/div><div id=\"panel-gb323-6a01fd6e0a380-9-1-1\" class=\"so-panel widget widget_sow-button panel-last-child\" data-index=\"16\" ><div\n\t\t\t\n\t\t\tclass=\"so-widget-sow-button so-widget-sow-button-flat-5e4e7b566b0a-323\"\n\t\t\t\n\t\t><div class=\"ow-button-base ow-button-align-left\"\n>\n\t\t\t<a\n\t\t\t\t\thref=\"https:\/\/zaguan.unizar.es\/record\/107926\"\n\t\t\t\t\tclass=\"sowb-button ow-icon-placement-left ow-button-hover\" target=\"_blank\" rel=\"noopener noreferrer\" \t>\n\t\t<span>\n\t\t\t\n\t\t\tVer en repositorio\t\t<\/span>\n\t\t\t<\/a>\n\t<\/div>\n<\/div><\/div><\/div><\/div><\/div>","protected":false},"excerpt":{"rendered":"<p>2026 Lou Puyo, Alicia \u201cEstudio de calidad de aire interior en el edifico nuevo de Filosof\u00eda y Letras: an\u00e1lisis de contaminantes y efectividad del sistema de ventilaci\u00f3n mec\u00e1nica.\u201d Directora: Bel\u00e9n Zalba (Departamento de Ingenier\u00eda Mec\u00e1nica, \u00c1rea de M\u00e1quinas y Motores T\u00e9rmicos). Graduado en Ingenier\u00eda de Tecnolog\u00edas Industriales<\/p>","protected":false},"author":1,"featured_media":0,"parent":0,"menu_order":0,"comment_status":"closed","ping_status":"closed","template":"","meta":{"footnotes":""},"class_list":["post-323","page","type-page","status-publish","hentry","post"],"_links":{"self":[{"href":"https:\/\/catedratrox.i3a.es\/en\/wp-json\/wp\/v2\/pages\/323","targetHints":{"allow":["GET"]}}],"collection":[{"href":"https:\/\/catedratrox.i3a.es\/en\/wp-json\/wp\/v2\/pages"}],"about":[{"href":"https:\/\/catedratrox.i3a.es\/en\/wp-json\/wp\/v2\/types\/page"}],"author":[{"embeddable":true,"href":"https:\/\/catedratrox.i3a.es\/en\/wp-json\/wp\/v2\/users\/1"}],"replies":[{"embeddable":true,"href":"https:\/\/catedratrox.i3a.es\/en\/wp-json\/wp\/v2\/comments?post=323"}],"version-history":[{"count":9,"href":"https:\/\/catedratrox.i3a.es\/en\/wp-json\/wp\/v2\/pages\/323\/revisions"}],"predecessor-version":[{"id":343,"href":"https:\/\/catedratrox.i3a.es\/en\/wp-json\/wp\/v2\/pages\/323\/revisions\/343"}],"wp:attachment":[{"href":"https:\/\/catedratrox.i3a.es\/en\/wp-json\/wp\/v2\/media?parent=323"}],"curies":[{"name":"wp","href":"https:\/\/api.w.org\/{rel}","templated":true}]}}